{"id":483,"date":"2023-06-23T08:51:25","date_gmt":"2023-06-23T08:51:25","guid":{"rendered":"https:\/\/hatos.hu\/mosonmagyarovar\/?page_id=483"},"modified":"2024-11-29T08:00:31","modified_gmt":"2024-11-29T08:00:31","slug":"hirlevel","status":"publish","type":"page","link":"https:\/\/hatos.hu\/mosonmagyarovar\/hirlevel\/","title":{"rendered":"Iratkozz fel!"},"content":{"rendered":"<div id=\"pl-483\"  class=\"panel-layout\" ><div id=\"pg-483-0\"  class=\"panel-grid panel-has-style\" ><div class=\"siteorigin-panels-stretch panel-row-style panel-row-style-for-483-0\" data-stretch-type=\"full-stretched\" ><div id=\"pgc-483-0-0\"  class=\"panel-grid-cell\" ><div id=\"panel-483-0-0-0\" class=\"so-panel widget widget_sow-image panel-first-child panel-last-child\" data-index=\"0\" ><div\n\t\t\t\n\t\t\tclass=\"so-widget-sow-image so-widget-sow-image-default-c67d20f9f743-483\"\n\t\t\t\n\t\t>\n\n<div class=\"sow-image-container\">\n\t\t<img src=\"https:\/\/hatos.hu\/mosonmagyarovar\/wp-content\/uploads\/2019\/07\/2.jpg\" width=\"1920\" height=\"600\" srcset=\"https:\/\/hatos.hu\/mosonmagyarovar\/wp-content\/uploads\/2019\/07\/2.jpg 1920w, https:\/\/hatos.hu\/mosonmagyarovar\/wp-content\/uploads\/2019\/07\/2-300x94.jpg 300w, https:\/\/hatos.hu\/mosonmagyarovar\/wp-content\/uploads\/2019\/07\/2-768x240.jpg 768w, https:\/\/hatos.hu\/mosonmagyarovar\/wp-content\/uploads\/2019\/07\/2-1024x320.jpg 1024w\" sizes=\"(max-width: 1920px) 100vw, 1920px\" alt=\"\" loading=\"lazy\" \t\tclass=\"so-widget-image\"\/>\n\t<\/div>\n\n<\/div><\/div><\/div><\/div><\/div><div id=\"pg-483-1\"  class=\"panel-grid panel-no-style\" ><div id=\"pgc-483-1-0\"  class=\"panel-grid-cell\" ><div id=\"panel-483-1-0-0\" class=\"so-panel widget widget_black-studio-tinymce widget_black_studio_tinymce panel-first-child panel-last-child\" data-index=\"1\" ><div class=\"textwidget\"><p><span style=\"color: #52809e;\"><strong><span style=\"font-size: 18pt;\">Iratkozz fel a h\u00edrlevel\u00fcnkre!<\/span><\/strong><\/span><\/p>\n<p style=\"text-align: justify;\">Szeretn\u00e9l naprak\u00e9sz inform\u00e1ci\u00f3kkal rendelkezni tanfolyamainkr\u00f3l? Tudni szeretn\u00e9d, hogy mikor lesz a k\u00f6vetkez\u0151 nyelvvizsga id\u0151pont n\u00e1lunk? Akkor ne k\u00e9slekedj, iratkozz fel h\u00edrlevel\u00fcnkre m\u00e9g ma \u00e9s mi t\u00e1j\u00e9koztatunk minden fontos inform\u00e1ci\u00f3r\u00f3l folyamatosan! A feliratkoz\u00e1s sor\u00e1n megadhatod azt is, hogy mely nyelv ut\u00e1n \u00e9rdekl\u0151dsz \u00e9s ennek megfelel\u0151en fogunk neked inform\u00e1ci\u00f3kat k\u00fcldeni.<\/p>\n<\/div><\/div><\/div><\/div><div id=\"pg-483-2\"  class=\"panel-grid panel-no-style\" ><div id=\"pgc-483-2-0\"  class=\"panel-grid-cell panel-grid-cell-empty\" ><\/div><div id=\"pgc-483-2-1\"  class=\"panel-grid-cell panel-grid-cell-mobile-last\" ><div id=\"panel-483-2-1-0\" class=\"so-panel widget widget_black-studio-tinymce widget_black_studio_tinymce panel-first-child panel-last-child\" data-index=\"2\" ><div class=\"textwidget\"><p>\n<div class=\"wpcf7 no-js\" id=\"wpcf7-f486-o1\" lang=\"hu-HU\" dir=\"ltr\">\n<div class=\"screen-reader-response\"><p role=\"status\" aria-live=\"polite\" aria-atomic=\"true\"><\/p> <ul><\/ul><\/div>\n<form action=\"\/mosonmagyarovar\/wp-json\/wp\/v2\/pages\/483#wpcf7-f486-o1\" method=\"post\" class=\"wpcf7-form init\" aria-label=\"Kapcsolatfelv\u00e9teli \u0171rlap\" novalidate=\"novalidate\" data-status=\"init\">\n<div style=\"display: none;\">\n<input type=\"hidden\" name=\"_wpcf7\" value=\"486\" \/>\n<input type=\"hidden\" name=\"_wpcf7_version\" value=\"5.7.7\" \/>\n<input type=\"hidden\" name=\"_wpcf7_locale\" value=\"hu_HU\" \/>\n<input type=\"hidden\" name=\"_wpcf7_unit_tag\" value=\"wpcf7-f486-o1\" \/>\n<input type=\"hidden\" name=\"_wpcf7_container_post\" value=\"0\" \/>\n<input type=\"hidden\" name=\"_wpcf7_posted_data_hash\" value=\"\" \/>\n<input type=\"hidden\" name=\"_wpcf7_recaptcha_response\" value=\"\" \/>\n<\/div>\n<p><label> N\u00e9v<br \/>\n<span class=\"wpcf7-form-control-wrap\" data-name=\"your-name\"><input size=\"40\" class=\"wpcf7-form-control wpcf7-text wpcf7-validates-as-required\" autocomplete=\"name\" aria-required=\"true\" aria-invalid=\"false\" value=\"\" type=\"text\" name=\"your-name\" \/><\/span> <\/label>\n<\/p>\n<p><label> E-mail c\u00edm<br \/>\n<span class=\"wpcf7-form-control-wrap\" data-name=\"your-email\"><input size=\"40\" class=\"wpcf7-form-control wpcf7-text wpcf7-email wpcf7-validates-as-required wpcf7-validates-as-email\" autocomplete=\"email\" aria-required=\"true\" aria-invalid=\"false\" value=\"\" type=\"email\" name=\"your-email\" \/><\/span> <\/label>\n<\/p>\n<p><label> V\u00e1laszd ki, hogy milyen nyelv ut\u00e1n \u00e9rdekl\u0151dsz!<br \/>\n<span class=\"wpcf7-form-control-wrap\" data-name=\"nyelv\"><select class=\"wpcf7-form-control wpcf7-select wpcf7-validates-as-required\" aria-required=\"true\" aria-invalid=\"false\" name=\"nyelv\"><option value=\"Angol\">Angol<\/option><option value=\"N\u00e9met\">N\u00e9met<\/option><option value=\"Minden nyelv\">Minden nyelv<\/option><\/select><\/span> <\/label>\n<\/p>\n<p><span class=\"wpcf7-form-control-wrap\" data-name=\"acceptance-841\"><span class=\"wpcf7-form-control wpcf7-acceptance\"><span class=\"wpcf7-list-item\"><label><input type=\"checkbox\" name=\"acceptance-841\" value=\"1\" aria-invalid=\"false\" \/><span class=\"wpcf7-list-item-label\">Elolvastam \u00e9s elfogadom a Hatos \u00e9s T\u00e1rsa Nyelviskola <a href=\"https:\/\/hatos.hu\/mosonmagyarovar\/adatkezelesi-takekoztato\/\">Adatkezel\u00e9si t\u00e1j\u00e9koztat\u00f3<\/a>j\u00e1t.<\/span><\/label><\/span><\/span><\/span>\n<\/p>\n<p><input class=\"wpcf7-form-control has-spinner wpcf7-submit\" type=\"submit\" value=\"Feliratkozom\" \/>\n<\/p><div class=\"wpcf7-response-output\" aria-hidden=\"true\"><\/div>\n<\/form>\n<\/div>\n<\/p>\n<\/div><\/div><\/div><div id=\"pgc-483-2-2\"  class=\"panel-grid-cell panel-grid-cell-empty\" ><\/div><\/div><\/div>","protected":false},"excerpt":{"rendered":"<p>Iratkozz fel a h\u00edrlevel\u00fcnkre! Szeretn\u00e9l naprak\u00e9sz inform\u00e1ci\u00f3kkal rendelkezni tanfolyamainkr\u00f3l? Tudni szeretn\u00e9d, hogy mikor lesz a k\u00f6vetkez\u0151 nyelvvizsga id\u0151pont n\u00e1lunk? Akkor ne k\u00e9slekedj, iratkozz fel h\u00edrlevel\u00fcnkre&hellip;<\/p>\n","protected":false},"author":1,"featured_media":0,"parent":0,"menu_order":0,"comment_status":"closed","ping_status":"closed","template":"","meta":{"_mi_skip_tracking":false,"_monsterinsights_sitenote_active":false,"_monsterinsights_sitenote_note":"","_monsterinsights_sitenote_category":0},"yoast_head":"<!-- This site is optimized with the Yoast SEO plugin v20.9 - https:\/\/yoast.com\/wordpress\/plugins\/seo\/ -->\n<title>Iratkozz fel! - Hatos \u00e9s T\u00e1rsa Nyelviskola - Mosonmagyar\u00f3v\u00e1r<\/title>\n<meta name=\"robots\" content=\"index, follow, max-snippet:-1, max-image-preview:large, max-video-preview:-1\" \/>\n<link rel=\"canonical\" href=\"https:\/\/hatos.hu\/mosonmagyarovar\/hirlevel\/\" \/>\n<meta property=\"og:locale\" content=\"hu_HU\" \/>\n<meta property=\"og:type\" content=\"article\" \/>\n<meta property=\"og:title\" content=\"Iratkozz fel! - Hatos \u00e9s T\u00e1rsa Nyelviskola - Mosonmagyar\u00f3v\u00e1r\" \/>\n<meta property=\"og:description\" content=\"Iratkozz fel a h\u00edrlevel\u00fcnkre! Szeretn\u00e9l naprak\u00e9sz inform\u00e1ci\u00f3kkal rendelkezni tanfolyamainkr\u00f3l? Tudni szeretn\u00e9d, hogy mikor lesz a k\u00f6vetkez\u0151 nyelvvizsga id\u0151pont n\u00e1lunk? Akkor ne k\u00e9slekedj, iratkozz fel h\u00edrlevel\u00fcnkre&hellip;\" \/>\n<meta property=\"og:url\" content=\"https:\/\/hatos.hu\/mosonmagyarovar\/hirlevel\/\" \/>\n<meta property=\"og:site_name\" content=\"Hatos \u00e9s T\u00e1rsa Nyelviskola - Mosonmagyar\u00f3v\u00e1r\" \/>\n<meta property=\"article:modified_time\" content=\"2024-11-29T08:00:31+00:00\" \/>\n<meta name=\"twitter:card\" content=\"summary_large_image\" \/>\n<meta name=\"twitter:label1\" content=\"Becs\u00fclt olvas\u00e1si id\u0151\" \/>\n\t<meta name=\"twitter:data1\" content=\"1 perc\" \/>\n<script type=\"application\/ld+json\" class=\"yoast-schema-graph\">{\"@context\":\"https:\/\/schema.org\",\"@graph\":[{\"@type\":\"WebPage\",\"@id\":\"https:\/\/hatos.hu\/mosonmagyarovar\/hirlevel\/\",\"url\":\"https:\/\/hatos.hu\/mosonmagyarovar\/hirlevel\/\",\"name\":\"Iratkozz fel! - Hatos \u00e9s T\u00e1rsa Nyelviskola - Mosonmagyar\u00f3v\u00e1r\",\"isPartOf\":{\"@id\":\"https:\/\/hatos.hu\/mosonmagyarovar\/#website\"},\"datePublished\":\"2023-06-23T08:51:25+00:00\",\"dateModified\":\"2024-11-29T08:00:31+00:00\",\"breadcrumb\":{\"@id\":\"https:\/\/hatos.hu\/mosonmagyarovar\/hirlevel\/#breadcrumb\"},\"inLanguage\":\"hu\",\"potentialAction\":[{\"@type\":\"ReadAction\",\"target\":[\"https:\/\/hatos.hu\/mosonmagyarovar\/hirlevel\/\"]}]},{\"@type\":\"BreadcrumbList\",\"@id\":\"https:\/\/hatos.hu\/mosonmagyarovar\/hirlevel\/#breadcrumb\",\"itemListElement\":[{\"@type\":\"ListItem\",\"position\":1,\"name\":\"Home\",\"item\":\"https:\/\/hatos.hu\/mosonmagyarovar\/\"},{\"@type\":\"ListItem\",\"position\":2,\"name\":\"Iratkozz fel!\"}]},{\"@type\":\"WebSite\",\"@id\":\"https:\/\/hatos.hu\/mosonmagyarovar\/#website\",\"url\":\"https:\/\/hatos.hu\/mosonmagyarovar\/\",\"name\":\"Hatos \u00e9s T\u00e1rsa Nyelviskola - Mosonmagyar\u00f3v\u00e1r\",\"description\":\"\",\"publisher\":{\"@id\":\"https:\/\/hatos.hu\/mosonmagyarovar\/#organization\"},\"potentialAction\":[{\"@type\":\"SearchAction\",\"target\":{\"@type\":\"EntryPoint\",\"urlTemplate\":\"https:\/\/hatos.hu\/mosonmagyarovar\/?s={search_term_string}\"},\"query-input\":\"required name=search_term_string\"}],\"inLanguage\":\"hu\"},{\"@type\":\"Organization\",\"@id\":\"https:\/\/hatos.hu\/mosonmagyarovar\/#organization\",\"name\":\"Hatos \u00e9s T\u00e1rsa Nyelviskola - Mosonmagyar\u00f3v\u00e1r\",\"url\":\"https:\/\/hatos.hu\/mosonmagyarovar\/\",\"logo\":{\"@type\":\"ImageObject\",\"inLanguage\":\"hu\",\"@id\":\"https:\/\/hatos.hu\/mosonmagyarovar\/#\/schema\/logo\/image\/\",\"url\":\"https:\/\/hatos.hu\/mosonmagyarovar\/wp-content\/uploads\/2019\/07\/cropped-hatos_logo_web2.jpg\",\"contentUrl\":\"https:\/\/hatos.hu\/mosonmagyarovar\/wp-content\/uploads\/2019\/07\/cropped-hatos_logo_web2.jpg\",\"width\":305,\"height\":139,\"caption\":\"Hatos \u00e9s T\u00e1rsa Nyelviskola - Mosonmagyar\u00f3v\u00e1r\"},\"image\":{\"@id\":\"https:\/\/hatos.hu\/mosonmagyarovar\/#\/schema\/logo\/image\/\"}}]}<\/script>\n<!-- \/ Yoast SEO plugin. -->","yoast_head_json":{"title":"Iratkozz fel! - Hatos \u00e9s T\u00e1rsa Nyelviskola - Mosonmagyar\u00f3v\u00e1r","robots":{"index":"index","follow":"follow","max-snippet":"max-snippet:-1","max-image-preview":"max-image-preview:large","max-video-preview":"max-video-preview:-1"},"canonical":"https:\/\/hatos.hu\/mosonmagyarovar\/hirlevel\/","og_locale":"hu_HU","og_type":"article","og_title":"Iratkozz fel! - Hatos \u00e9s T\u00e1rsa Nyelviskola - Mosonmagyar\u00f3v\u00e1r","og_description":"Iratkozz fel a h\u00edrlevel\u00fcnkre! Szeretn\u00e9l naprak\u00e9sz inform\u00e1ci\u00f3kkal rendelkezni tanfolyamainkr\u00f3l? Tudni szeretn\u00e9d, hogy mikor lesz a k\u00f6vetkez\u0151 nyelvvizsga id\u0151pont n\u00e1lunk? Akkor ne k\u00e9slekedj, iratkozz fel h\u00edrlevel\u00fcnkre&hellip;","og_url":"https:\/\/hatos.hu\/mosonmagyarovar\/hirlevel\/","og_site_name":"Hatos \u00e9s T\u00e1rsa Nyelviskola - Mosonmagyar\u00f3v\u00e1r","article_modified_time":"2024-11-29T08:00:31+00:00","twitter_card":"summary_large_image","twitter_misc":{"Becs\u00fclt olvas\u00e1si id\u0151":"1 perc"},"schema":{"@context":"https:\/\/schema.org","@graph":[{"@type":"WebPage","@id":"https:\/\/hatos.hu\/mosonmagyarovar\/hirlevel\/","url":"https:\/\/hatos.hu\/mosonmagyarovar\/hirlevel\/","name":"Iratkozz fel! - Hatos \u00e9s T\u00e1rsa Nyelviskola - Mosonmagyar\u00f3v\u00e1r","isPartOf":{"@id":"https:\/\/hatos.hu\/mosonmagyarovar\/#website"},"datePublished":"2023-06-23T08:51:25+00:00","dateModified":"2024-11-29T08:00:31+00:00","breadcrumb":{"@id":"https:\/\/hatos.hu\/mosonmagyarovar\/hirlevel\/#breadcrumb"},"inLanguage":"hu","potentialAction":[{"@type":"ReadAction","target":["https:\/\/hatos.hu\/mosonmagyarovar\/hirlevel\/"]}]},{"@type":"BreadcrumbList","@id":"https:\/\/hatos.hu\/mosonmagyarovar\/hirlevel\/#breadcrumb","itemListElement":[{"@type":"ListItem","position":1,"name":"Home","item":"https:\/\/hatos.hu\/mosonmagyarovar\/"},{"@type":"ListItem","position":2,"name":"Iratkozz fel!"}]},{"@type":"WebSite","@id":"https:\/\/hatos.hu\/mosonmagyarovar\/#website","url":"https:\/\/hatos.hu\/mosonmagyarovar\/","name":"Hatos \u00e9s T\u00e1rsa Nyelviskola - Mosonmagyar\u00f3v\u00e1r","description":"","publisher":{"@id":"https:\/\/hatos.hu\/mosonmagyarovar\/#organization"},"potentialAction":[{"@type":"SearchAction","target":{"@type":"EntryPoint","urlTemplate":"https:\/\/hatos.hu\/mosonmagyarovar\/?s={search_term_string}"},"query-input":"required name=search_term_string"}],"inLanguage":"hu"},{"@type":"Organization","@id":"https:\/\/hatos.hu\/mosonmagyarovar\/#organization","name":"Hatos \u00e9s T\u00e1rsa Nyelviskola - Mosonmagyar\u00f3v\u00e1r","url":"https:\/\/hatos.hu\/mosonmagyarovar\/","logo":{"@type":"ImageObject","inLanguage":"hu","@id":"https:\/\/hatos.hu\/mosonmagyarovar\/#\/schema\/logo\/image\/","url":"https:\/\/hatos.hu\/mosonmagyarovar\/wp-content\/uploads\/2019\/07\/cropped-hatos_logo_web2.jpg","contentUrl":"https:\/\/hatos.hu\/mosonmagyarovar\/wp-content\/uploads\/2019\/07\/cropped-hatos_logo_web2.jpg","width":305,"height":139,"caption":"Hatos \u00e9s T\u00e1rsa Nyelviskola - Mosonmagyar\u00f3v\u00e1r"},"image":{"@id":"https:\/\/hatos.hu\/mosonmagyarovar\/#\/schema\/logo\/image\/"}}]}},"_links":{"self":[{"href":"https:\/\/hatos.hu\/mosonmagyarovar\/wp-json\/wp\/v2\/pages\/483"}],"collection":[{"href":"https:\/\/hatos.hu\/mosonmagyarovar\/wp-json\/wp\/v2\/pages"}],"about":[{"href":"https:\/\/hatos.hu\/mosonmagyarovar\/wp-json\/wp\/v2\/types\/page"}],"author":[{"embeddable":true,"href":"https:\/\/hatos.hu\/mosonmagyarovar\/wp-json\/wp\/v2\/users\/1"}],"replies":[{"embeddable":true,"href":"https:\/\/hatos.hu\/mosonmagyarovar\/wp-json\/wp\/v2\/comments?post=483"}],"version-history":[{"count":9,"href":"https:\/\/hatos.hu\/mosonmagyarovar\/wp-json\/wp\/v2\/pages\/483\/revisions"}],"predecessor-version":[{"id":489,"href":"https:\/\/hatos.hu\/mosonmagyarovar\/wp-json\/wp\/v2\/pages\/483\/revisions\/489"}],"wp:attachment":[{"href":"https:\/\/hatos.hu\/mosonmagyarovar\/wp-json\/wp\/v2\/media?parent=483"}],"curies":[{"name":"wp","href":"https:\/\/api.w.org\/{rel}","templated":true}]}}